{"id":388,"date":"2024-09-23T13:15:53","date_gmt":"2024-09-23T13:15:53","guid":{"rendered":"https:\/\/handarbeit-atelier.ch\/?post_type=product&#038;p=388"},"modified":"2024-09-25T11:34:20","modified_gmt":"2024-09-25T11:34:20","slug":"nuggiketten","status":"publish","type":"product","link":"https:\/\/handarbeit-atelier.ch\/?product=nuggiketten","title":{"rendered":"Nuggiketten"},"content":{"rendered":"<p>geh\u00e4ckelte Nuggikette im s\u00fcssen Schildkr\u00f6tenlook.<\/p>\n","protected":false},"excerpt":{"rendered":"<p>herzige Schildkr\u00f6ten-Nuggikette<\/p>\n","protected":false},"featured_media":393,"comment_status":"open","ping_status":"closed","template":"","meta":[],"product_brand":[],"product_cat":[22],"product_tag":[61],"class_list":{"0":"post-388","1":"product","2":"type-product","3":"status-publish","4":"has-post-thumbnail","6":"product_cat-stricken","7":"product_tag-nuggikette","8":"product_shipping_class-kleines-paket","10":"first","11":"instock","12":"purchasable","13":"product-type-variable"},"jetpack_sharing_enabled":true,"_links":{"self":[{"href":"https:\/\/handarbeit-atelier.ch\/index.php?rest_route=\/wp\/v2\/product\/388","targetHints":{"allow":["GET"]}}],"collection":[{"href":"https:\/\/handarbeit-atelier.ch\/index.php?rest_route=\/wp\/v2\/product"}],"about":[{"href":"https:\/\/handarbeit-atelier.ch\/index.php?rest_route=\/wp\/v2\/types\/product"}],"replies":[{"embeddable":true,"href":"https:\/\/handarbeit-atelier.ch\/index.php?rest_route=%2Fwp%2Fv2%2Fcomments&post=388"}],"wp:featuredmedia":[{"embeddable":true,"href":"https:\/\/handarbeit-atelier.ch\/index.php?rest_route=\/wp\/v2\/media\/393"}],"wp:attachment":[{"href":"https:\/\/handarbeit-atelier.ch\/index.php?rest_route=%2Fwp%2Fv2%2Fmedia&parent=388"}],"wp:term":[{"taxonomy":"product_brand","embeddable":true,"href":"https:\/\/handarbeit-atelier.ch\/index.php?rest_route=%2Fwp%2Fv2%2Fproduct_brand&post=388"},{"taxonomy":"product_cat","embeddable":true,"href":"https:\/\/handarbeit-atelier.ch\/index.php?rest_route=%2Fwp%2Fv2%2Fproduct_cat&post=388"},{"taxonomy":"product_tag","embeddable":true,"href":"https:\/\/handarbeit-atelier.ch\/index.php?rest_route=%2Fwp%2Fv2%2Fproduct_tag&post=388"}],"curies":[{"name":"wp","href":"https:\/\/api.w.org\/{rel}","templated":true}]}}