{"id":369,"date":"2024-09-23T13:09:15","date_gmt":"2024-09-23T13:09:15","guid":{"rendered":"https:\/\/handarbeit-atelier.ch\/?post_type=product&#038;p=369"},"modified":"2024-09-23T13:09:15","modified_gmt":"2024-09-23T13:09:15","slug":"puppenkleider","status":"publish","type":"product","link":"https:\/\/handarbeit-atelier.ch\/?product=puppenkleider","title":{"rendered":"Puppenkleider"},"content":{"rendered":"<p>Mit liebe gestrickte und gen\u00e4hte Kleider f\u00fcr die Puppen ihrer Kinder in verschiedenen Gr\u00f6ssen, Farben und Mustern.<\/p>\n<p>Angebot wechselt je nach Verf\u00fcgbarkeit.<\/p>\n<p>Auf Wunsch nehme ich auch Bestellungen f\u00fcr andere Farben und Gr\u00f6ssen entgegen, bitte melden sie sich bei mir.<\/p>\n<p>Waschbar bei 40 Grad.<\/p>\n","protected":false},"excerpt":{"rendered":"<p>herzige Puppenkleider<\/p>\n","protected":false},"featured_media":382,"comment_status":"open","ping_status":"closed","template":"","meta":[],"product_brand":[],"product_cat":[34,22],"product_tag":[60,43,44],"class_list":{"0":"post-369","1":"product","2":"type-product","3":"status-publish","4":"has-post-thumbnail","6":"product_cat-naehen","7":"product_cat-stricken","8":"product_tag-babyborn","9":"product_tag-puppen","10":"product_tag-puppenkleider","11":"product_shipping_class-mittleres-paket","13":"first","14":"instock","15":"purchasable","16":"product-type-variable"},"jetpack_sharing_enabled":true,"_links":{"self":[{"href":"https:\/\/handarbeit-atelier.ch\/index.php?rest_route=\/wp\/v2\/product\/369","targetHints":{"allow":["GET"]}}],"collection":[{"href":"https:\/\/handarbeit-atelier.ch\/index.php?rest_route=\/wp\/v2\/product"}],"about":[{"href":"https:\/\/handarbeit-atelier.ch\/index.php?rest_route=\/wp\/v2\/types\/product"}],"replies":[{"embeddable":true,"href":"https:\/\/handarbeit-atelier.ch\/index.php?rest_route=%2Fwp%2Fv2%2Fcomments&post=369"}],"wp:featuredmedia":[{"embeddable":true,"href":"https:\/\/handarbeit-atelier.ch\/index.php?rest_route=\/wp\/v2\/media\/382"}],"wp:attachment":[{"href":"https:\/\/handarbeit-atelier.ch\/index.php?rest_route=%2Fwp%2Fv2%2Fmedia&parent=369"}],"wp:term":[{"taxonomy":"product_brand","embeddable":true,"href":"https:\/\/handarbeit-atelier.ch\/index.php?rest_route=%2Fwp%2Fv2%2Fproduct_brand&post=369"},{"taxonomy":"product_cat","embeddable":true,"href":"https:\/\/handarbeit-atelier.ch\/index.php?rest_route=%2Fwp%2Fv2%2Fproduct_cat&post=369"},{"taxonomy":"product_tag","embeddable":true,"href":"https:\/\/handarbeit-atelier.ch\/index.php?rest_route=%2Fwp%2Fv2%2Fproduct_tag&post=369"}],"curies":[{"name":"wp","href":"https:\/\/api.w.org\/{rel}","templated":true}]}}