{"id":333,"date":"2024-09-19T08:10:24","date_gmt":"2024-09-19T08:10:24","guid":{"rendered":"https:\/\/handarbeit-atelier.ch\/?post_type=product&#038;p=333"},"modified":"2024-09-19T08:21:31","modified_gmt":"2024-09-19T08:21:31","slug":"kindermuetzen","status":"publish","type":"product","link":"https:\/\/handarbeit-atelier.ch\/?product=kindermuetzen","title":{"rendered":"Kinderm\u00fctzen"},"content":{"rendered":"<p>Mit liebe gestrickte Kinderm\u00fctzen in verschiedenen Gr\u00f6ssen,Farben und Formen.<\/p>\n<p>Bitte bei Bestellung den Farbwunsch angeben.<\/p>\n","protected":false},"excerpt":{"rendered":"<p>verschiedene Kinderm\u00fctzen<\/p>\n","protected":false},"featured_media":339,"comment_status":"open","ping_status":"closed","template":"","meta":[],"product_brand":[],"product_cat":[22],"product_tag":[54,53],"class_list":{"0":"post-333","1":"product","2":"type-product","3":"status-publish","4":"has-post-thumbnail","6":"product_cat-stricken","7":"product_tag-appenzellermuetze","8":"product_tag-kindermuetzen","9":"product_shipping_class-kleines-paket","11":"first","12":"instock","13":"purchasable","14":"product-type-variable"},"jetpack_sharing_enabled":true,"_links":{"self":[{"href":"https:\/\/handarbeit-atelier.ch\/index.php?rest_route=\/wp\/v2\/product\/333","targetHints":{"allow":["GET"]}}],"collection":[{"href":"https:\/\/handarbeit-atelier.ch\/index.php?rest_route=\/wp\/v2\/product"}],"about":[{"href":"https:\/\/handarbeit-atelier.ch\/index.php?rest_route=\/wp\/v2\/types\/product"}],"replies":[{"embeddable":true,"href":"https:\/\/handarbeit-atelier.ch\/index.php?rest_route=%2Fwp%2Fv2%2Fcomments&post=333"}],"wp:featuredmedia":[{"embeddable":true,"href":"https:\/\/handarbeit-atelier.ch\/index.php?rest_route=\/wp\/v2\/media\/339"}],"wp:attachment":[{"href":"https:\/\/handarbeit-atelier.ch\/index.php?rest_route=%2Fwp%2Fv2%2Fmedia&parent=333"}],"wp:term":[{"taxonomy":"product_brand","embeddable":true,"href":"https:\/\/handarbeit-atelier.ch\/index.php?rest_route=%2Fwp%2Fv2%2Fproduct_brand&post=333"},{"taxonomy":"product_cat","embeddable":true,"href":"https:\/\/handarbeit-atelier.ch\/index.php?rest_route=%2Fwp%2Fv2%2Fproduct_cat&post=333"},{"taxonomy":"product_tag","embeddable":true,"href":"https:\/\/handarbeit-atelier.ch\/index.php?rest_route=%2Fwp%2Fv2%2Fproduct_tag&post=333"}],"curies":[{"name":"wp","href":"https:\/\/api.w.org\/{rel}","templated":true}]}}