{"id":254,"date":"2024-09-19T06:19:27","date_gmt":"2024-09-19T06:19:27","guid":{"rendered":"https:\/\/handarbeit-atelier.ch\/?post_type=product&#038;p=254"},"modified":"2024-09-19T06:19:28","modified_gmt":"2024-09-19T06:19:28","slug":"muesli-finkli","status":"publish","type":"product","link":"https:\/\/handarbeit-atelier.ch\/?product=muesli-finkli","title":{"rendered":"M\u00fcsli-Finkli"},"content":{"rendered":"<p>Mit viel Liebe gestrickte M\u00e4usli-Finkli, der Hingucker f\u00fcr die kleinen Babyf\u00fcsse.<\/p>\n<p>Waschbar bei 40 Grad.<\/p>\n","protected":false},"excerpt":{"rendered":"<p>Herzige M\u00e4usli-Finkli<\/p>\n","protected":false},"featured_media":256,"comment_status":"open","ping_status":"closed","template":"","meta":[],"product_brand":[],"product_cat":[22],"product_tag":[41,28,40],"class_list":{"0":"post-254","1":"product","2":"type-product","3":"status-publish","4":"has-post-thumbnail","6":"product_cat-stricken","7":"product_tag-babyfinkli","8":"product_tag-babyschuhe","9":"product_tag-maeusli","10":"product_shipping_class-kleines-paket","12":"first","13":"instock","14":"purchasable","15":"product-type-variable"},"jetpack_sharing_enabled":true,"_links":{"self":[{"href":"https:\/\/handarbeit-atelier.ch\/index.php?rest_route=\/wp\/v2\/product\/254","targetHints":{"allow":["GET"]}}],"collection":[{"href":"https:\/\/handarbeit-atelier.ch\/index.php?rest_route=\/wp\/v2\/product"}],"about":[{"href":"https:\/\/handarbeit-atelier.ch\/index.php?rest_route=\/wp\/v2\/types\/product"}],"replies":[{"embeddable":true,"href":"https:\/\/handarbeit-atelier.ch\/index.php?rest_route=%2Fwp%2Fv2%2Fcomments&post=254"}],"wp:featuredmedia":[{"embeddable":true,"href":"https:\/\/handarbeit-atelier.ch\/index.php?rest_route=\/wp\/v2\/media\/256"}],"wp:attachment":[{"href":"https:\/\/handarbeit-atelier.ch\/index.php?rest_route=%2Fwp%2Fv2%2Fmedia&parent=254"}],"wp:term":[{"taxonomy":"product_brand","embeddable":true,"href":"https:\/\/handarbeit-atelier.ch\/index.php?rest_route=%2Fwp%2Fv2%2Fproduct_brand&post=254"},{"taxonomy":"product_cat","embeddable":true,"href":"https:\/\/handarbeit-atelier.ch\/index.php?rest_route=%2Fwp%2Fv2%2Fproduct_cat&post=254"},{"taxonomy":"product_tag","embeddable":true,"href":"https:\/\/handarbeit-atelier.ch\/index.php?rest_route=%2Fwp%2Fv2%2Fproduct_tag&post=254"}],"curies":[{"name":"wp","href":"https:\/\/api.w.org\/{rel}","templated":true}]}}