{"id":207,"date":"2024-09-14T15:07:23","date_gmt":"2024-09-14T15:07:23","guid":{"rendered":"https:\/\/handarbeit-atelier.ch\/?post_type=product&#038;p=207"},"modified":"2024-09-23T12:45:44","modified_gmt":"2024-09-23T12:45:44","slug":"schlupflatz-mit-stickmotiv","status":"publish","type":"product","link":"https:\/\/handarbeit-atelier.ch\/?product=schlupflatz-mit-stickmotiv","title":{"rendered":"Schlupflatz mit Stickmotiv"},"content":{"rendered":"<p>Der handgemachte Schlupflatz aus saugf\u00e4higem Baumwollfrott\u00e9 ist die perfekte L\u00f6sung, um zu verhindern, dass Fl\u00fcssigkeiten auf die Kleidung gelangen. Der Latz ist im Handumdrehen \u00fcbergezogen und sitzt perfekt. Das flauschige Material sorgt f\u00fcr einen super Tragekomfort f\u00fcr Babys.<\/p>\n<p>Du kannst den Schlupflatz auch mit dem Namen oder dem Wort deiner Wahl besticken lassen \u2013 ein einzigartiges Geschenk zur Geburt oder Taufe.<\/p>\n<p>Waschbar bei 60 Grad.<\/p>\n","protected":false},"excerpt":{"rendered":"<p>Handgemachter Schlupflatz mit Stickmotiv<\/p>\n","protected":false},"featured_media":309,"comment_status":"open","ping_status":"closed","template":"","meta":[],"product_brand":[],"product_cat":[19],"product_tag":[26,31,32,33],"class_list":{"0":"post-207","1":"product","2":"type-product","3":"status-publish","4":"has-post-thumbnail","6":"product_cat-sticken","7":"product_tag-baby","8":"product_tag-latz","9":"product_tag-schlupflatz","10":"product_tag-schutz","11":"product_shipping_class-kleines-paket","13":"first","14":"instock","15":"purchasable","16":"product-type-variable"},"jetpack_sharing_enabled":true,"_links":{"self":[{"href":"https:\/\/handarbeit-atelier.ch\/index.php?rest_route=\/wp\/v2\/product\/207","targetHints":{"allow":["GET"]}}],"collection":[{"href":"https:\/\/handarbeit-atelier.ch\/index.php?rest_route=\/wp\/v2\/product"}],"about":[{"href":"https:\/\/handarbeit-atelier.ch\/index.php?rest_route=\/wp\/v2\/types\/product"}],"replies":[{"embeddable":true,"href":"https:\/\/handarbeit-atelier.ch\/index.php?rest_route=%2Fwp%2Fv2%2Fcomments&post=207"}],"wp:featuredmedia":[{"embeddable":true,"href":"https:\/\/handarbeit-atelier.ch\/index.php?rest_route=\/wp\/v2\/media\/309"}],"wp:attachment":[{"href":"https:\/\/handarbeit-atelier.ch\/index.php?rest_route=%2Fwp%2Fv2%2Fmedia&parent=207"}],"wp:term":[{"taxonomy":"product_brand","embeddable":true,"href":"https:\/\/handarbeit-atelier.ch\/index.php?rest_route=%2Fwp%2Fv2%2Fproduct_brand&post=207"},{"taxonomy":"product_cat","embeddable":true,"href":"https:\/\/handarbeit-atelier.ch\/index.php?rest_route=%2Fwp%2Fv2%2Fproduct_cat&post=207"},{"taxonomy":"product_tag","embeddable":true,"href":"https:\/\/handarbeit-atelier.ch\/index.php?rest_route=%2Fwp%2Fv2%2Fproduct_tag&post=207"}],"curies":[{"name":"wp","href":"https:\/\/api.w.org\/{rel}","templated":true}]}}