{"id":205,"date":"2024-09-18T13:40:42","date_gmt":"2024-09-18T13:40:42","guid":{"rendered":"https:\/\/handarbeit-atelier.ch\/?post_type=product&#038;p=205"},"modified":"2024-09-18T13:43:17","modified_gmt":"2024-09-18T13:43:17","slug":"sneaker-baby-schuh","status":"publish","type":"product","link":"https:\/\/handarbeit-atelier.ch\/?product=sneaker-baby-schuh","title":{"rendered":"Sneaker Baby-Schuh"},"content":{"rendered":"<p>Unsere Babysch\u00fchchen sind das perfekte Geschenk f\u00fcr besondere Anl\u00e4sse wie Taufe, Geburtstag, Weihnachten, Ostern, Muttertag oder einfach so.<br \/>\nDie ersten Schuhe f\u00fcr Ihr Baby \u2013 sie sehen aus wie echte Schuhe.<br \/>\nIhr Baby wird stilvoll, modisch und sch\u00f6n aussehen, wenn Sie seine F\u00fc\u00dfe im Winter warm halten.<\/p>\n<p>Die Finkli sind rutschfest.<\/p>\n<p>Waschbar bei 40 Grad.<\/p>\n","protected":false},"excerpt":{"rendered":"<p>Stilvoll und modische Babyturnschuhe<\/p>\n","protected":false},"featured_media":231,"comment_status":"open","ping_status":"closed","template":"","meta":[],"product_brand":[],"product_cat":[15,22],"product_tag":[38,39,27],"class_list":{"0":"post-205","1":"product","2":"type-product","3":"status-publish","4":"has-post-thumbnail","6":"product_cat-uncategorized","7":"product_cat-stricken","8":"product_tag-babyschuh","9":"product_tag-babyturnschuhe","10":"product_tag-finkli","11":"product_shipping_class-kleines-paket","13":"first","14":"instock","15":"purchasable","16":"product-type-variable"},"jetpack_sharing_enabled":true,"_links":{"self":[{"href":"https:\/\/handarbeit-atelier.ch\/index.php?rest_route=\/wp\/v2\/product\/205","targetHints":{"allow":["GET"]}}],"collection":[{"href":"https:\/\/handarbeit-atelier.ch\/index.php?rest_route=\/wp\/v2\/product"}],"about":[{"href":"https:\/\/handarbeit-atelier.ch\/index.php?rest_route=\/wp\/v2\/types\/product"}],"replies":[{"embeddable":true,"href":"https:\/\/handarbeit-atelier.ch\/index.php?rest_route=%2Fwp%2Fv2%2Fcomments&post=205"}],"wp:featuredmedia":[{"embeddable":true,"href":"https:\/\/handarbeit-atelier.ch\/index.php?rest_route=\/wp\/v2\/media\/231"}],"wp:attachment":[{"href":"https:\/\/handarbeit-atelier.ch\/index.php?rest_route=%2Fwp%2Fv2%2Fmedia&parent=205"}],"wp:term":[{"taxonomy":"product_brand","embeddable":true,"href":"https:\/\/handarbeit-atelier.ch\/index.php?rest_route=%2Fwp%2Fv2%2Fproduct_brand&post=205"},{"taxonomy":"product_cat","embeddable":true,"href":"https:\/\/handarbeit-atelier.ch\/index.php?rest_route=%2Fwp%2Fv2%2Fproduct_cat&post=205"},{"taxonomy":"product_tag","embeddable":true,"href":"https:\/\/handarbeit-atelier.ch\/index.php?rest_route=%2Fwp%2Fv2%2Fproduct_tag&post=205"}],"curies":[{"name":"wp","href":"https:\/\/api.w.org\/{rel}","templated":true}]}}